{"id":7584,"date":"2023-02-01T12:34:10","date_gmt":"2023-02-01T11:34:10","guid":{"rendered":"https:\/\/ma.roger-gallet.com\/?post_type=product&#038;p=7584"},"modified":"2023-10-16T10:07:57","modified_gmt":"2023-10-16T08:07:57","slug":"eau-de-cologne-100-ml","status":"publish","type":"product","link":"https:\/\/ma.roger-gallet.com\/index.php\/produit\/eau-de-cologne-100-ml\/","title":{"rendered":"Eau de Cologne 100 ml"},"content":{"rendered":"<p>Il y a quelque chose ici d&#8217;intemporel, d&#8217;\u00e9ternel, d&#8217;\u00e9mouvant. L&#8217;Eau de Cologne Jean Marie Farina offre des retrouvailles avec soi-m\u00eame, nous plonge dans une sensation de bien-\u00eatre d\u00e9licieuse et vivifiante dont on ne saurait jamais se lasser. En 1806, Jean Marie Farina cr\u00e9\u00e9 un parfum d&#8217;une fra\u00eecheur m\u00e9diterran\u00e9enne in\u00e9dite, associant pour la premi\u00e8re fois la fraicheur \u00e9clatante d&#8217;essences d&#8217;agrumes \u00e0 l&#8217;\u00e9l\u00e9gance des aromates. Un accord gard\u00e9 secret qui en un instant, va d\u00e9moder tous les autres. Le petit-grain, la lavande, le romarin, le thym, enrichis d\u2019huiles essentielles de citron, donnent \u00e0 l&#8217;Eau de Cologne Jean Marie Farina une fra\u00eecheur singuli\u00e8re dont on a envie de se gorger. Son nouveau flacon par\u00e9 d&#8217;or et d&#8217;un rouge vivifiant arbore la traditionnelle signature de Jean Marie Farina.<\/p>\n<p>&nbsp;<\/p>\n<blockquote>\n<div class=\"productQuote bg-grey-4 text-center my-8 py-24\" data-v-94472f64=\"\">\n<div class=\"mx-auto max-w-[1270px] px-4\" data-v-94472f64=\"\">\n<blockquote><p>Une sensation de bien-\u00eatre d\u00e9licieuse et vivifiante dont on use et abuse, sans jamais se lasser.<\/p><\/blockquote>\n<\/div>\n<\/div>\n<\/blockquote>\n","protected":false},"excerpt":{"rendered":"<div class=\"text-sm my-6\" data-v-94472f64=\"\">\n<p>L&#8217;Eau de Cologne originelle, l&#8217;\u00e9quilibre l\u00e9gendaire parfait entre la fra\u00eecheur \u00e9clatante des agrumes et l&#8217;\u00e9l\u00e9gance des aromates.<\/p>\n<\/div>\n","protected":false},"featured_media":7585,"comment_status":"open","ping_status":"closed","template":"","meta":[],"product_cat":[73],"product_tag":[],"class_list":{"0":"post-7584","1":"product","2":"type-product","3":"status-publish","4":"has-post-thumbnail","6":"product_cat-jean-marie-farina","8":"first","9":"instock","10":"shipping-taxable","11":"purchasable","12":"product-type-simple"},"_links":{"self":[{"href":"https:\/\/ma.roger-gallet.com\/index.php\/wp-json\/wp\/v2\/product\/7584","targetHints":{"allow":["GET"]}}],"collection":[{"href":"https:\/\/ma.roger-gallet.com\/index.php\/wp-json\/wp\/v2\/product"}],"about":[{"href":"https:\/\/ma.roger-gallet.com\/index.php\/wp-json\/wp\/v2\/types\/product"}],"replies":[{"embeddable":true,"href":"https:\/\/ma.roger-gallet.com\/index.php\/wp-json\/wp\/v2\/comments?post=7584"}],"wp:featuredmedia":[{"embeddable":true,"href":"https:\/\/ma.roger-gallet.com\/index.php\/wp-json\/wp\/v2\/media\/7585"}],"wp:attachment":[{"href":"https:\/\/ma.roger-gallet.com\/index.php\/wp-json\/wp\/v2\/media?parent=7584"}],"wp:term":[{"taxonomy":"product_cat","embeddable":true,"href":"https:\/\/ma.roger-gallet.com\/index.php\/wp-json\/wp\/v2\/product_cat?post=7584"},{"taxonomy":"product_tag","embeddable":true,"href":"https:\/\/ma.roger-gallet.com\/index.php\/wp-json\/wp\/v2\/product_tag?post=7584"}],"curies":[{"name":"wp","href":"https:\/\/api.w.org\/{rel}","templated":true}]}}