{"id":7590,"date":"2023-02-01T12:47:05","date_gmt":"2023-02-01T11:47:05","guid":{"rendered":"https:\/\/ma.roger-gallet.com\/?post_type=product&#038;p=7590"},"modified":"2023-02-01T12:47:05","modified_gmt":"2023-02-01T11:47:05","slug":"eau-de-cologne-30-ml","status":"publish","type":"product","link":"https:\/\/ma.roger-gallet.com\/index.php\/produit\/eau-de-cologne-30-ml\/","title":{"rendered":"Eau de Cologne 30 ml"},"content":{"rendered":"<p>Il y a quelque chose ici d&#8217;intemporel, d&#8217;\u00e9ternel, d&#8217;\u00e9mouvant. Issue de la formule originelle de l&#8217;Eau de Cologne cr\u00e9\u00e9e en 1806 par Jean Marie Farina, l&#8217;Eau de Cologne Jean Marie Farina offre des retrouvailles avec soi-m\u00eame. Retour aux origines, \u00e0 l&#8217;essentiel, comme si l&#8217;Eau de Cologne Jean Marie Farina poss\u00e9dait un secret. Fra\u00eecheur splendide qui donne du champ, fait s&#8217;ouvrir toutes les fen\u00eatres, porte jusqu&#8217;\u00e0 l&#8217;horizon. \u00c9quilibre olfactif parfait, riche d&#8217;essences pr\u00e9cieuses distill\u00e9es pour une exquise sensation de fra\u00eecheur.<\/p>\n<blockquote>\n<div class=\"productQuote bg-grey-4 text-center my-8 py-24\" data-v-94472f64=\"\">\n<div class=\"mx-auto max-w-[1270px] px-4\" data-v-94472f64=\"\">\n<blockquote><p>L&#8217;Acte fondateur de la parfumerie, dont la formule est jalousement gard\u00e9e secr\u00e8te depuis l&#8217;origine de la maison Roger&amp;Gallet.<\/p><\/blockquote>\n<\/div>\n<\/div>\n<\/blockquote>\n","protected":false},"excerpt":{"rendered":"<div class=\"text-sm my-6\" data-v-94472f64=\"\">L&#8217;Eau de Cologne Jean Marie Farina est la r\u00e9f\u00e9rence absolue des Eaux de Cologne, sa qualit\u00e9 de fabrication dite \u00ab Extra-Vieille \u00bb est le gage d&#8217;une maturation id\u00e9ale et d&#8217;un savoir-faire exclusif gard\u00e9 secret.<\/div>\n","protected":false},"featured_media":7591,"comment_status":"open","ping_status":"closed","template":"","meta":[],"product_cat":[73],"product_tag":[],"class_list":{"0":"post-7590","1":"product","2":"type-product","3":"status-publish","4":"has-post-thumbnail","6":"product_cat-jean-marie-farina","8":"first","9":"instock","10":"shipping-taxable","11":"purchasable","12":"product-type-simple"},"_links":{"self":[{"href":"https:\/\/ma.roger-gallet.com\/index.php\/wp-json\/wp\/v2\/product\/7590","targetHints":{"allow":["GET"]}}],"collection":[{"href":"https:\/\/ma.roger-gallet.com\/index.php\/wp-json\/wp\/v2\/product"}],"about":[{"href":"https:\/\/ma.roger-gallet.com\/index.php\/wp-json\/wp\/v2\/types\/product"}],"replies":[{"embeddable":true,"href":"https:\/\/ma.roger-gallet.com\/index.php\/wp-json\/wp\/v2\/comments?post=7590"}],"wp:featuredmedia":[{"embeddable":true,"href":"https:\/\/ma.roger-gallet.com\/index.php\/wp-json\/wp\/v2\/media\/7591"}],"wp:attachment":[{"href":"https:\/\/ma.roger-gallet.com\/index.php\/wp-json\/wp\/v2\/media?parent=7590"}],"wp:term":[{"taxonomy":"product_cat","embeddable":true,"href":"https:\/\/ma.roger-gallet.com\/index.php\/wp-json\/wp\/v2\/product_cat?post=7590"},{"taxonomy":"product_tag","embeddable":true,"href":"https:\/\/ma.roger-gallet.com\/index.php\/wp-json\/wp\/v2\/product_tag?post=7590"}],"curies":[{"name":"wp","href":"https:\/\/api.w.org\/{rel}","templated":true}]}}