{"id":7595,"date":"2023-02-01T12:50:29","date_gmt":"2023-02-01T11:50:29","guid":{"rendered":"https:\/\/ma.roger-gallet.com\/?post_type=product&#038;p=7595"},"modified":"2023-02-01T13:11:52","modified_gmt":"2023-02-01T12:11:52","slug":"gel-douche-200ml","status":"publish","type":"product","link":"https:\/\/ma.roger-gallet.com\/index.php\/produit\/gel-douche-200ml\/","title":{"rendered":"Gel Douche 200ml"},"content":{"rendered":"<div class=\"text-sm\" data-v-94472f64=\"\">\n<p>Ce Gel Douche parfum\u00e9 \u00e0 la mousse onctueuse nettoie la peau en douceur sans la dess\u00e9cher. Enrichi d&#8217;Essence naturelle de Romarin aux vertus relaxantes et d&#8217;aloe vera, sa base lavante est 100% d&#8217;origine v\u00e9g\u00e9tale pour une application ultra-douce pour la peau et facile \u00e0 rincer. Sous la douche ou dans le bain, sa mousse fine procure une exquise sensation de fraicheur et laisse votre peau d\u00e9licieusement parfum\u00e9e aux notes aromatiques et hesp\u00e9rid\u00e9es de l&#8217;Eau de Cologne Jean Marie Farina.<\/p>\n<blockquote>\n<div class=\"productQuote bg-grey-4 text-center my-8 py-24\" data-v-94472f64=\"\">\n<div class=\"mx-auto max-w-[1270px] px-4\" data-v-94472f64=\"\">\n<blockquote><p>Une sensation de bien-\u00eatre d\u00e9licieuse et vivifiante dont on use et abuse sans jamais se lasser.<\/p><\/blockquote>\n<\/div>\n<\/div>\n<\/blockquote>\n<\/div>\n","protected":false},"excerpt":{"rendered":"<div class=\"text-sm my-6\" data-v-94472f64=\"\">\n<p>L&#8217;Eau de Cologne originelle, l&#8217;\u00e9quilibre l\u00e9gendaire parfait entre la fra\u00eecheur \u00e9clatante des agrumes et l&#8217;\u00e9l\u00e9gance des aromates.<\/p>\n<\/div>\n","protected":false},"featured_media":7596,"comment_status":"open","ping_status":"closed","template":"","meta":[],"product_cat":[73],"product_tag":[],"class_list":{"0":"post-7595","1":"product","2":"type-product","3":"status-publish","4":"has-post-thumbnail","6":"product_cat-jean-marie-farina","8":"first","9":"instock","10":"shipping-taxable","11":"purchasable","12":"product-type-simple"},"_links":{"self":[{"href":"https:\/\/ma.roger-gallet.com\/index.php\/wp-json\/wp\/v2\/product\/7595","targetHints":{"allow":["GET"]}}],"collection":[{"href":"https:\/\/ma.roger-gallet.com\/index.php\/wp-json\/wp\/v2\/product"}],"about":[{"href":"https:\/\/ma.roger-gallet.com\/index.php\/wp-json\/wp\/v2\/types\/product"}],"replies":[{"embeddable":true,"href":"https:\/\/ma.roger-gallet.com\/index.php\/wp-json\/wp\/v2\/comments?post=7595"}],"wp:featuredmedia":[{"embeddable":true,"href":"https:\/\/ma.roger-gallet.com\/index.php\/wp-json\/wp\/v2\/media\/7596"}],"wp:attachment":[{"href":"https:\/\/ma.roger-gallet.com\/index.php\/wp-json\/wp\/v2\/media?parent=7595"}],"wp:term":[{"taxonomy":"product_cat","embeddable":true,"href":"https:\/\/ma.roger-gallet.com\/index.php\/wp-json\/wp\/v2\/product_cat?post=7595"},{"taxonomy":"product_tag","embeddable":true,"href":"https:\/\/ma.roger-gallet.com\/index.php\/wp-json\/wp\/v2\/product_tag?post=7595"}],"curies":[{"name":"wp","href":"https:\/\/api.w.org\/{rel}","templated":true}]}}