{"id":7597,"date":"2023-02-01T13:14:38","date_gmt":"2023-02-01T12:14:38","guid":{"rendered":"https:\/\/ma.roger-gallet.com\/?post_type=product&#038;p=7597"},"modified":"2023-10-16T15:10:59","modified_gmt":"2023-10-16T13:10:59","slug":"deodorant-spray-150-ml","status":"publish","type":"product","link":"https:\/\/ma.roger-gallet.com\/index.php\/produit\/deodorant-spray-150-ml\/","title":{"rendered":"D\u00e9odorant Spray 150 ml"},"content":{"rendered":"<div class=\"text-sm\" data-v-94472f64=\"\">L&#8217;Irr\u00e9sistible fra\u00eecheur du d\u00e9odorant parfum\u00e9 Jean Marie Farina vous plonge au c\u0153ur d&#8217;un jardin d&#8217;Italie o\u00f9 citronniers et orangers se gorgent de soleil, r\u00e9veillant votre corps sous une cascade rafra\u00eechissante et p\u00e9tillante de plaisir. Sa formule douce assure une protection durable et procure une sensation de fra\u00eecheur tout au long de la journ\u00e9e.<\/div>\n","protected":false},"excerpt":{"rendered":"<div class=\"text-sm my-6\" data-v-94472f64=\"\">Le D\u00e9odorant qui rafra\u00eechit et parfume, tout en respectant la peau.<\/div>\n","protected":false},"featured_media":7598,"comment_status":"open","ping_status":"closed","template":"","meta":[],"product_cat":[73],"product_tag":[],"class_list":{"0":"post-7597","1":"product","2":"type-product","3":"status-publish","4":"has-post-thumbnail","6":"product_cat-jean-marie-farina","8":"first","9":"instock","10":"shipping-taxable","11":"purchasable","12":"product-type-simple"},"_links":{"self":[{"href":"https:\/\/ma.roger-gallet.com\/index.php\/wp-json\/wp\/v2\/product\/7597","targetHints":{"allow":["GET"]}}],"collection":[{"href":"https:\/\/ma.roger-gallet.com\/index.php\/wp-json\/wp\/v2\/product"}],"about":[{"href":"https:\/\/ma.roger-gallet.com\/index.php\/wp-json\/wp\/v2\/types\/product"}],"replies":[{"embeddable":true,"href":"https:\/\/ma.roger-gallet.com\/index.php\/wp-json\/wp\/v2\/comments?post=7597"}],"wp:featuredmedia":[{"embeddable":true,"href":"https:\/\/ma.roger-gallet.com\/index.php\/wp-json\/wp\/v2\/media\/7598"}],"wp:attachment":[{"href":"https:\/\/ma.roger-gallet.com\/index.php\/wp-json\/wp\/v2\/media?parent=7597"}],"wp:term":[{"taxonomy":"product_cat","embeddable":true,"href":"https:\/\/ma.roger-gallet.com\/index.php\/wp-json\/wp\/v2\/product_cat?post=7597"},{"taxonomy":"product_tag","embeddable":true,"href":"https:\/\/ma.roger-gallet.com\/index.php\/wp-json\/wp\/v2\/product_tag?post=7597"}],"curies":[{"name":"wp","href":"https:\/\/api.w.org\/{rel}","templated":true}]}}