{"id":7599,"date":"2023-02-01T13:17:54","date_gmt":"2023-02-01T12:17:54","guid":{"rendered":"https:\/\/ma.roger-gallet.com\/?post_type=product&#038;p=7599"},"modified":"2023-02-01T13:17:54","modified_gmt":"2023-02-01T12:17:54","slug":"savon-parfume-100-g","status":"publish","type":"product","link":"https:\/\/ma.roger-gallet.com\/index.php\/produit\/savon-parfume-100-g\/","title":{"rendered":"Savon Parfum\u00e9 100 g"},"content":{"rendered":"<div class=\"text-sm\" data-v-94472f64=\"\">\n<p>Ce Savon parfum\u00e9 \u00e0 la mousse fine et onctueuse nettoie la peau avec beaucoup de douceur sans la dess\u00e9cher. Fabriqu\u00e9 au chaudron selon la technique traditionnelle du parfumage \u00e0 coeur, il reste parfum\u00e9 jusqu&#8217;\u00e0 sa derni\u00e8re utilisation des notes aromatiques et hesp\u00e9rid\u00e9es de l&#8217;Eau de Cologne Jean Marie Farina.<\/p>\n<\/div>\n","protected":false},"excerpt":{"rendered":"<div class=\"text-sm my-6\" data-v-94472f64=\"\">\n<p>L&#8217;Eau de Cologne originelle, l&#8217;\u00e9quilibre l\u00e9gendaire parfait entre la fra\u00eecheur \u00e9clatante des agrumes et l&#8217;\u00e9l\u00e9gance des aromates.<\/p>\n<\/div>\n","protected":false},"featured_media":7600,"comment_status":"open","ping_status":"closed","template":"","meta":[],"product_cat":[73],"product_tag":[],"class_list":{"0":"post-7599","1":"product","2":"type-product","3":"status-publish","4":"has-post-thumbnail","6":"product_cat-jean-marie-farina","8":"first","9":"instock","10":"shipping-taxable","11":"purchasable","12":"product-type-simple"},"_links":{"self":[{"href":"https:\/\/ma.roger-gallet.com\/index.php\/wp-json\/wp\/v2\/product\/7599","targetHints":{"allow":["GET"]}}],"collection":[{"href":"https:\/\/ma.roger-gallet.com\/index.php\/wp-json\/wp\/v2\/product"}],"about":[{"href":"https:\/\/ma.roger-gallet.com\/index.php\/wp-json\/wp\/v2\/types\/product"}],"replies":[{"embeddable":true,"href":"https:\/\/ma.roger-gallet.com\/index.php\/wp-json\/wp\/v2\/comments?post=7599"}],"wp:featuredmedia":[{"embeddable":true,"href":"https:\/\/ma.roger-gallet.com\/index.php\/wp-json\/wp\/v2\/media\/7600"}],"wp:attachment":[{"href":"https:\/\/ma.roger-gallet.com\/index.php\/wp-json\/wp\/v2\/media?parent=7599"}],"wp:term":[{"taxonomy":"product_cat","embeddable":true,"href":"https:\/\/ma.roger-gallet.com\/index.php\/wp-json\/wp\/v2\/product_cat?post=7599"},{"taxonomy":"product_tag","embeddable":true,"href":"https:\/\/ma.roger-gallet.com\/index.php\/wp-json\/wp\/v2\/product_tag?post=7599"}],"curies":[{"name":"wp","href":"https:\/\/api.w.org\/{rel}","templated":true}]}}