{"id":7604,"date":"2023-02-01T13:42:07","date_gmt":"2023-02-01T12:42:07","guid":{"rendered":"https:\/\/ma.roger-gallet.com\/?post_type=product&#038;p=7604"},"modified":"2023-10-16T15:09:53","modified_gmt":"2023-10-16T13:09:53","slug":"eau-parfumee-bienfaisante-100-ml","status":"publish","type":"product","link":"https:\/\/ma.roger-gallet.com\/index.php\/produit\/eau-parfumee-bienfaisante-100-ml\/","title":{"rendered":"Eau Parfum\u00e9e Bienfaisante 100 ml"},"content":{"rendered":"<div class=\"text-sm\" data-v-94472f64=\"\">\n<p>Pimpante, gourmande, p\u00e9tillante, Gingembre rouge nous saisit de son \u00e9nergie d\u00e9bordante et nous fait fr\u00e9mir de plaisir. Un d\u00e9lice acidul\u00e9, entre fraicheur et sensualit\u00e9, sign\u00e9 du duo virtuose de Ma\u00eetres Parfumeurs Amandine Clerc-Marie et Alberto Morillas. Tonique, l&#8217;Extrait naturel de gingembre aux vertus \u00e9nergisantes fuse et nous pique d&#8217;une note d\u00e9licieuse, presque confite. Comme un coup de fouet, les baies roses font p\u00e9tiller la composition et mettent imm\u00e9diatement l&#8217;eau \u00e0 la bouche. En fond, la sensualit\u00e9 caram\u00e9lis\u00e9e du Benjoin vient parachever la sensation de d\u00e9lice&#8230;<\/p>\n<\/div>\n","protected":false},"excerpt":{"rendered":"<div class=\"text-sm my-6\" data-v-94472f64=\"\">\n<p>Une note de gingembre d\u00e9licieusement confite relev\u00e9e d\u2019\u00e9pices pimpantes de baies roses. Un d\u00e9lice acidul\u00e9 qui met imm\u00e9diatement l&#8217;eau \u00e0 la bouche.<\/p>\n<\/div>\n","protected":false},"featured_media":7605,"comment_status":"open","ping_status":"closed","template":"","meta":[],"product_cat":[74],"product_tag":[],"class_list":{"0":"post-7604","1":"product","2":"type-product","3":"status-publish","4":"has-post-thumbnail","6":"product_cat-gingembre-rouge","8":"first","9":"instock","10":"shipping-taxable","11":"purchasable","12":"product-type-simple"},"_links":{"self":[{"href":"https:\/\/ma.roger-gallet.com\/index.php\/wp-json\/wp\/v2\/product\/7604","targetHints":{"allow":["GET"]}}],"collection":[{"href":"https:\/\/ma.roger-gallet.com\/index.php\/wp-json\/wp\/v2\/product"}],"about":[{"href":"https:\/\/ma.roger-gallet.com\/index.php\/wp-json\/wp\/v2\/types\/product"}],"replies":[{"embeddable":true,"href":"https:\/\/ma.roger-gallet.com\/index.php\/wp-json\/wp\/v2\/comments?post=7604"}],"wp:featuredmedia":[{"embeddable":true,"href":"https:\/\/ma.roger-gallet.com\/index.php\/wp-json\/wp\/v2\/media\/7605"}],"wp:attachment":[{"href":"https:\/\/ma.roger-gallet.com\/index.php\/wp-json\/wp\/v2\/media?parent=7604"}],"wp:term":[{"taxonomy":"product_cat","embeddable":true,"href":"https:\/\/ma.roger-gallet.com\/index.php\/wp-json\/wp\/v2\/product_cat?post=7604"},{"taxonomy":"product_tag","embeddable":true,"href":"https:\/\/ma.roger-gallet.com\/index.php\/wp-json\/wp\/v2\/product_tag?post=7604"}],"curies":[{"name":"wp","href":"https:\/\/api.w.org\/{rel}","templated":true}]}}