{"id":7615,"date":"2023-02-01T17:53:13","date_gmt":"2023-02-01T16:53:13","guid":{"rendered":"https:\/\/ma.roger-gallet.com\/?post_type=product&#038;p=7615"},"modified":"2023-10-16T10:07:42","modified_gmt":"2023-10-16T08:07:42","slug":"lait-corps-bienfaisant-250ml","status":"publish","type":"product","link":"https:\/\/ma.roger-gallet.com\/index.php\/produit\/lait-corps-bienfaisant-250ml\/","title":{"rendered":"Lait Corps Bienfaisant 250ml"},"content":{"rendered":"<div class=\"text-sm\" data-v-94472f64=\"\">\n<p>Pimpante, gourmande, p\u00e9tillante, Gingembre Rouge nous saisit de son \u00e9nergie d\u00e9bordante et nous fait fr\u00e9mir de plaisir. Enrichi d&#8217;extrait naturel de gingembre aux vertus \u00e9nergisantes et de beurre de Karit\u00e9, le Lait Corps Bienfaisant Gingembre Rouge nourrit la peau et offre une hydratation 24h. Sa texture l\u00e9g\u00e8re p\u00e9n\u00e8tre rapidement et laisse votre peau hydrat\u00e9e et d\u00e9licieusement parfum\u00e9e aux notes fruit\u00e9es et sensuelles de Gingembre Rouge.<\/p>\n<\/div>\n","protected":false},"excerpt":{"rendered":"<div class=\"text-sm my-6\" data-v-94472f64=\"\">\n<p>Une note de gingembre d\u00e9licieusement confite relev\u00e9e d\u2019\u00e9pices pimpantes de baies roses. Un d\u00e9lice acidul\u00e9 qui met imm\u00e9diatement l&#8217;eau \u00e0 la bouche.<\/p>\n<\/div>\n","protected":false},"featured_media":7616,"comment_status":"open","ping_status":"closed","template":"","meta":[],"product_cat":[74],"product_tag":[],"class_list":{"0":"post-7615","1":"product","2":"type-product","3":"status-publish","4":"has-post-thumbnail","6":"product_cat-gingembre-rouge","8":"first","9":"instock","10":"shipping-taxable","11":"purchasable","12":"product-type-simple"},"_links":{"self":[{"href":"https:\/\/ma.roger-gallet.com\/index.php\/wp-json\/wp\/v2\/product\/7615","targetHints":{"allow":["GET"]}}],"collection":[{"href":"https:\/\/ma.roger-gallet.com\/index.php\/wp-json\/wp\/v2\/product"}],"about":[{"href":"https:\/\/ma.roger-gallet.com\/index.php\/wp-json\/wp\/v2\/types\/product"}],"replies":[{"embeddable":true,"href":"https:\/\/ma.roger-gallet.com\/index.php\/wp-json\/wp\/v2\/comments?post=7615"}],"wp:featuredmedia":[{"embeddable":true,"href":"https:\/\/ma.roger-gallet.com\/index.php\/wp-json\/wp\/v2\/media\/7616"}],"wp:attachment":[{"href":"https:\/\/ma.roger-gallet.com\/index.php\/wp-json\/wp\/v2\/media?parent=7615"}],"wp:term":[{"taxonomy":"product_cat","embeddable":true,"href":"https:\/\/ma.roger-gallet.com\/index.php\/wp-json\/wp\/v2\/product_cat?post=7615"},{"taxonomy":"product_tag","embeddable":true,"href":"https:\/\/ma.roger-gallet.com\/index.php\/wp-json\/wp\/v2\/product_tag?post=7615"}],"curies":[{"name":"wp","href":"https:\/\/api.w.org\/{rel}","templated":true}]}}