{"id":7625,"date":"2023-02-01T18:02:44","date_gmt":"2023-02-01T17:02:44","guid":{"rendered":"https:\/\/ma.roger-gallet.com\/?post_type=product&#038;p=7625"},"modified":"2023-10-16T10:06:37","modified_gmt":"2023-10-16T08:06:37","slug":"eau-parfumee-bienfaisante-100-ml-2","status":"publish","type":"product","link":"https:\/\/ma.roger-gallet.com\/index.php\/produit\/eau-parfumee-bienfaisante-100-ml-2\/","title":{"rendered":"Eau Parfum\u00e9e Bienfaisante 100 ml"},"content":{"rendered":"<div class=\"text-sm\" data-v-94472f64=\"\">\n<p>Une orange gorg\u00e9e de jus comme une explosion de vitamines, la fra\u00eecheur ensoleill\u00e9e de la feuille et du fruit, le parfum texturis\u00e9 et vibrant du bois. Hommage aux agrumes qu\u2019il affectionne particuli\u00e8rement, le Ma\u00eetre Parfumeur Dominique Ropion a imagin\u00e9 un parfum qui r\u00e9unit toutes les dimensions de l&#8217;oranger amer, des racines jusqu&#8217;\u00e0 la cime, ses branches, ses feuilles et ses fruits\u2026 Enrichi d\u2019essence naturelle d&#8217;orange am\u00e8re aux vertus \u00e9nergisantes, Bois d&#8217;Orange est un parfum qui redonne le sourire. Le c\u0153ur du fruit s&#8217;offre juteux, vitamin\u00e9, g\u00e9n\u00e9reux, nuanc\u00e9 par l&#8217;amertume rieuse du petit-grain et la sensualit\u00e9 bois\u00e9e du patchouli.<\/p>\n<\/div>\n","protected":false},"excerpt":{"rendered":"<div class=\"text-sm my-6\" data-v-94472f64=\"\">\n<p>Un cocktail d\u2019agrumes juteux tout juste cueillis qui redonne le sourire, anobli par la sensualit\u00e9 bois\u00e9e du patchouli.<\/p>\n<\/div>\n","protected":false},"featured_media":7626,"comment_status":"open","ping_status":"closed","template":"","meta":[],"product_cat":[75],"product_tag":[],"class_list":{"0":"post-7625","1":"product","2":"type-product","3":"status-publish","4":"has-post-thumbnail","6":"product_cat-bois-dorange","8":"first","9":"instock","10":"shipping-taxable","11":"purchasable","12":"product-type-simple"},"_links":{"self":[{"href":"https:\/\/ma.roger-gallet.com\/index.php\/wp-json\/wp\/v2\/product\/7625","targetHints":{"allow":["GET"]}}],"collection":[{"href":"https:\/\/ma.roger-gallet.com\/index.php\/wp-json\/wp\/v2\/product"}],"about":[{"href":"https:\/\/ma.roger-gallet.com\/index.php\/wp-json\/wp\/v2\/types\/product"}],"replies":[{"embeddable":true,"href":"https:\/\/ma.roger-gallet.com\/index.php\/wp-json\/wp\/v2\/comments?post=7625"}],"wp:featuredmedia":[{"embeddable":true,"href":"https:\/\/ma.roger-gallet.com\/index.php\/wp-json\/wp\/v2\/media\/7626"}],"wp:attachment":[{"href":"https:\/\/ma.roger-gallet.com\/index.php\/wp-json\/wp\/v2\/media?parent=7625"}],"wp:term":[{"taxonomy":"product_cat","embeddable":true,"href":"https:\/\/ma.roger-gallet.com\/index.php\/wp-json\/wp\/v2\/product_cat?post=7625"},{"taxonomy":"product_tag","embeddable":true,"href":"https:\/\/ma.roger-gallet.com\/index.php\/wp-json\/wp\/v2\/product_tag?post=7625"}],"curies":[{"name":"wp","href":"https:\/\/api.w.org\/{rel}","templated":true}]}}