{"id":7635,"date":"2023-02-01T18:27:08","date_gmt":"2023-02-01T17:27:08","guid":{"rendered":"https:\/\/ma.roger-gallet.com\/?post_type=product&#038;p=7635"},"modified":"2023-10-16T15:10:08","modified_gmt":"2023-10-16T13:10:08","slug":"gel-douche-bienfaisant-200-ml-2","status":"publish","type":"product","link":"https:\/\/ma.roger-gallet.com\/index.php\/produit\/gel-douche-bienfaisant-200-ml-2\/","title":{"rendered":"Gel Douche Bienfaisant 200 ml"},"content":{"rendered":"<div class=\"text-sm my-6\" data-v-94472f64=\"\">\n<div class=\"text-sm\" data-v-94472f64=\"\">Une orange gorg\u00e9e de jus comme une explosion de vitamines, la fra\u00eecheur ensoleill\u00e9e de la feuille et du fruit, le parfum texturis\u00e9 et vibrant du bois&#8230; Enrichi d&#8217;Essence naturelle d&#8217;orange am\u00e8re aux vertus \u00e9nergisantes et d&#8217;aloe vera, le Gel Douche Bienfaisant Bois d&#8217;Orange \u00e0 la mousse onctueuse r\u00e9veille nos sens. Sa base lavante est 100% d&#8217;origine v\u00e9g\u00e9tale pour une application ultra-douce pour la peau et facile \u00e0 rincer. Sous la douche ou dans le bain, sa mousse fine et g\u00e9n\u00e9reuse laisse votre peau hydrat\u00e9e et d\u00e9licieusement parfum\u00e9es aux notes vitamin\u00e9es et bois\u00e9es de Bois d&#8217;Orange.<\/div>\n<\/div>\n","protected":false},"excerpt":{"rendered":"<div class=\"text-sm my-6\" data-v-94472f64=\"\">\n<p>Un cocktail d\u2019agrumes juteux tout juste cueillis qui redonne le sourire, anobli par la sensualit\u00e9 bois\u00e9e du patchouli.<\/p>\n<\/div>\n","protected":false},"featured_media":7636,"comment_status":"open","ping_status":"closed","template":"","meta":[],"product_cat":[75],"product_tag":[],"class_list":{"0":"post-7635","1":"product","2":"type-product","3":"status-publish","4":"has-post-thumbnail","6":"product_cat-bois-dorange","8":"first","9":"instock","10":"shipping-taxable","11":"purchasable","12":"product-type-simple"},"_links":{"self":[{"href":"https:\/\/ma.roger-gallet.com\/index.php\/wp-json\/wp\/v2\/product\/7635","targetHints":{"allow":["GET"]}}],"collection":[{"href":"https:\/\/ma.roger-gallet.com\/index.php\/wp-json\/wp\/v2\/product"}],"about":[{"href":"https:\/\/ma.roger-gallet.com\/index.php\/wp-json\/wp\/v2\/types\/product"}],"replies":[{"embeddable":true,"href":"https:\/\/ma.roger-gallet.com\/index.php\/wp-json\/wp\/v2\/comments?post=7635"}],"wp:featuredmedia":[{"embeddable":true,"href":"https:\/\/ma.roger-gallet.com\/index.php\/wp-json\/wp\/v2\/media\/7636"}],"wp:attachment":[{"href":"https:\/\/ma.roger-gallet.com\/index.php\/wp-json\/wp\/v2\/media?parent=7635"}],"wp:term":[{"taxonomy":"product_cat","embeddable":true,"href":"https:\/\/ma.roger-gallet.com\/index.php\/wp-json\/wp\/v2\/product_cat?post=7635"},{"taxonomy":"product_tag","embeddable":true,"href":"https:\/\/ma.roger-gallet.com\/index.php\/wp-json\/wp\/v2\/product_tag?post=7635"}],"curies":[{"name":"wp","href":"https:\/\/api.w.org\/{rel}","templated":true}]}}