{"id":7639,"date":"2023-02-01T19:38:00","date_gmt":"2023-02-01T18:38:00","guid":{"rendered":"https:\/\/ma.roger-gallet.com\/?post_type=product&#038;p=7639"},"modified":"2023-02-01T19:38:00","modified_gmt":"2023-02-01T18:38:00","slug":"lait-corps-bienfaisant-250ml-2","status":"publish","type":"product","link":"https:\/\/ma.roger-gallet.com\/index.php\/produit\/lait-corps-bienfaisant-250ml-2\/","title":{"rendered":"Lait Corps Bienfaisant 250ml"},"content":{"rendered":"<div class=\"text-sm\" data-v-94472f64=\"\">\n<p>Une orange gorg\u00e9e de jus comme une explosion de vitamines, la fra\u00eecheur ensoleill\u00e9e de la feuille et du fruit, le parfum texturis\u00e9 et vibrant du bois&#8230; Le Lait Corps Bienfaisant Bois d&#8217;Orange procure un vrai moment de relaxation. Enrichi d&#8217;essence naturelle d&#8217;orange am\u00e8re aux vertus \u00e9nergisantes et de beurre de Karit\u00e9, il nourrit la peau et offre une hydratation 24h. Sa texture l\u00e9g\u00e8re p\u00e9n\u00e8tre rapidement et laisse votre peau hydrat\u00e9e et d\u00e9licieusement parfum\u00e9e aux notes vitamin\u00e9es et bois\u00e9es de Bois d&#8217;Orange.<\/p>\n<\/div>\n","protected":false},"excerpt":{"rendered":"<div class=\"text-sm my-6\" data-v-94472f64=\"\">\n<p>Un cocktail d\u2019agrumes juteux tout juste cueillis qui redonne le sourire, anobli par la sensualit\u00e9 bois\u00e9e du patchouli.<\/p>\n<\/div>\n","protected":false},"featured_media":7640,"comment_status":"open","ping_status":"closed","template":"","meta":[],"product_cat":[75],"product_tag":[],"class_list":{"0":"post-7639","1":"product","2":"type-product","3":"status-publish","4":"has-post-thumbnail","6":"product_cat-bois-dorange","8":"first","9":"instock","10":"shipping-taxable","11":"purchasable","12":"product-type-simple"},"_links":{"self":[{"href":"https:\/\/ma.roger-gallet.com\/index.php\/wp-json\/wp\/v2\/product\/7639","targetHints":{"allow":["GET"]}}],"collection":[{"href":"https:\/\/ma.roger-gallet.com\/index.php\/wp-json\/wp\/v2\/product"}],"about":[{"href":"https:\/\/ma.roger-gallet.com\/index.php\/wp-json\/wp\/v2\/types\/product"}],"replies":[{"embeddable":true,"href":"https:\/\/ma.roger-gallet.com\/index.php\/wp-json\/wp\/v2\/comments?post=7639"}],"wp:featuredmedia":[{"embeddable":true,"href":"https:\/\/ma.roger-gallet.com\/index.php\/wp-json\/wp\/v2\/media\/7640"}],"wp:attachment":[{"href":"https:\/\/ma.roger-gallet.com\/index.php\/wp-json\/wp\/v2\/media?parent=7639"}],"wp:term":[{"taxonomy":"product_cat","embeddable":true,"href":"https:\/\/ma.roger-gallet.com\/index.php\/wp-json\/wp\/v2\/product_cat?post=7639"},{"taxonomy":"product_tag","embeddable":true,"href":"https:\/\/ma.roger-gallet.com\/index.php\/wp-json\/wp\/v2\/product_tag?post=7639"}],"curies":[{"name":"wp","href":"https:\/\/api.w.org\/{rel}","templated":true}]}}