{"id":7657,"date":"2023-02-01T20:12:39","date_gmt":"2023-02-01T19:12:39","guid":{"rendered":"https:\/\/ma.roger-gallet.com\/?post_type=product&#038;p=7657"},"modified":"2023-02-01T20:12:39","modified_gmt":"2023-02-01T19:12:39","slug":"gel-douche-bienfaisant-200-ml-3","status":"publish","type":"product","link":"https:\/\/ma.roger-gallet.com\/index.php\/produit\/gel-douche-bienfaisant-200-ml-3\/","title":{"rendered":"Gel Douche Bienfaisant 200 ml"},"content":{"rendered":"<div class=\"text-sm\" data-v-94472f64=\"\">\n<p>Le parfum des figues bien m\u00fbres, la sieste aux heures chaudes, la fraicheur de l&#8217;ombre des feuillages&#8230; Le gel douche bienfaisant Fleur de Figuier \u00e0 la mousse onctueuse nous invite \u00e0 ralentir le rythme, tout simplement. Enrichi d&#8217;Extrait naturel de figue aux vertues relaxantes et d&#8217;aloe vera, sa base lavante est 100% d&#8217;origine v\u00e9g\u00e9tale pour une application ultra-douce pour la peau et facile \u00e0 rincer. Sous la douche ou dans le bain, sa mousse fine et g\u00e9n\u00e9reuse laisse votre peau hydrat\u00e9e et d\u00e9licieusement parfum\u00e9e aux notes fruit\u00e9es ensoleill\u00e9es de Fleur de Figuier.<\/p>\n<\/div>\n","protected":false},"excerpt":{"rendered":"<div class=\"text-sm my-6\" data-v-94472f64=\"\">Un accord pulpe de figue chaleureux rafra\u00eechi par l\u2019ombre reposante des feuilles de l\u2019arbre et la note douce-amer du pamplemousse.<\/div>\n","protected":false},"featured_media":7658,"comment_status":"open","ping_status":"closed","template":"","meta":[],"product_cat":[76],"product_tag":[],"class_list":{"0":"post-7657","1":"product","2":"type-product","3":"status-publish","4":"has-post-thumbnail","6":"product_cat-fleur-de-figuier","8":"first","9":"instock","10":"shipping-taxable","11":"purchasable","12":"product-type-simple"},"_links":{"self":[{"href":"https:\/\/ma.roger-gallet.com\/index.php\/wp-json\/wp\/v2\/product\/7657","targetHints":{"allow":["GET"]}}],"collection":[{"href":"https:\/\/ma.roger-gallet.com\/index.php\/wp-json\/wp\/v2\/product"}],"about":[{"href":"https:\/\/ma.roger-gallet.com\/index.php\/wp-json\/wp\/v2\/types\/product"}],"replies":[{"embeddable":true,"href":"https:\/\/ma.roger-gallet.com\/index.php\/wp-json\/wp\/v2\/comments?post=7657"}],"wp:featuredmedia":[{"embeddable":true,"href":"https:\/\/ma.roger-gallet.com\/index.php\/wp-json\/wp\/v2\/media\/7658"}],"wp:attachment":[{"href":"https:\/\/ma.roger-gallet.com\/index.php\/wp-json\/wp\/v2\/media?parent=7657"}],"wp:term":[{"taxonomy":"product_cat","embeddable":true,"href":"https:\/\/ma.roger-gallet.com\/index.php\/wp-json\/wp\/v2\/product_cat?post=7657"},{"taxonomy":"product_tag","embeddable":true,"href":"https:\/\/ma.roger-gallet.com\/index.php\/wp-json\/wp\/v2\/product_tag?post=7657"}],"curies":[{"name":"wp","href":"https:\/\/api.w.org\/{rel}","templated":true}]}}