{"id":7662,"date":"2023-02-01T20:14:45","date_gmt":"2023-02-01T19:14:45","guid":{"rendered":"https:\/\/ma.roger-gallet.com\/?post_type=product&#038;p=7662"},"modified":"2023-02-01T20:14:45","modified_gmt":"2023-02-01T19:14:45","slug":"lait-corps-bienfaisant-250ml-3","status":"publish","type":"product","link":"https:\/\/ma.roger-gallet.com\/index.php\/produit\/lait-corps-bienfaisant-250ml-3\/","title":{"rendered":"Lait Corps Bienfaisant 250ml"},"content":{"rendered":"<div class=\"text-sm\" data-v-94472f64=\"\">\n<p>Le parfum des figues bien m\u00fbres, la sieste aux heures chaudes, la fraicheur de l&#8217;ombre des feuillages&#8230; Le Lait Corps Bienfaisant Fleur de Figuier nous invite \u00e0 ralentir le rythme, tout simplement. Enrichi d&#8217;extrait naturel de figue aux vertus d\u00e9lassantes et de beurre de Karit\u00e9, il nourrit la peau et offre une hydratation 24h. Sa texture l\u00e9g\u00e8re p\u00e9n\u00e8tre rapidement et laisse votre peau hydrat\u00e9e et d\u00e9licieusement parfum\u00e9e aux notes fruit\u00e9es ensoleill\u00e9es de Fleur de Figuier.<\/p>\n<\/div>\n","protected":false},"excerpt":{"rendered":"<div class=\"text-sm my-6\" data-v-94472f64=\"\">\n<p>Un accord pulpe de figue chaleureux rafra\u00eechi par l\u2019ombre reposante des feuilles de l\u2019arbre et la note douce-amer du pamplemousse.<\/p>\n<\/div>\n","protected":false},"featured_media":7663,"comment_status":"open","ping_status":"closed","template":"","meta":[],"product_cat":[76],"product_tag":[],"class_list":{"0":"post-7662","1":"product","2":"type-product","3":"status-publish","4":"has-post-thumbnail","6":"product_cat-fleur-de-figuier","8":"first","9":"instock","10":"shipping-taxable","11":"purchasable","12":"product-type-simple"},"_links":{"self":[{"href":"https:\/\/ma.roger-gallet.com\/index.php\/wp-json\/wp\/v2\/product\/7662","targetHints":{"allow":["GET"]}}],"collection":[{"href":"https:\/\/ma.roger-gallet.com\/index.php\/wp-json\/wp\/v2\/product"}],"about":[{"href":"https:\/\/ma.roger-gallet.com\/index.php\/wp-json\/wp\/v2\/types\/product"}],"replies":[{"embeddable":true,"href":"https:\/\/ma.roger-gallet.com\/index.php\/wp-json\/wp\/v2\/comments?post=7662"}],"wp:featuredmedia":[{"embeddable":true,"href":"https:\/\/ma.roger-gallet.com\/index.php\/wp-json\/wp\/v2\/media\/7663"}],"wp:attachment":[{"href":"https:\/\/ma.roger-gallet.com\/index.php\/wp-json\/wp\/v2\/media?parent=7662"}],"wp:term":[{"taxonomy":"product_cat","embeddable":true,"href":"https:\/\/ma.roger-gallet.com\/index.php\/wp-json\/wp\/v2\/product_cat?post=7662"},{"taxonomy":"product_tag","embeddable":true,"href":"https:\/\/ma.roger-gallet.com\/index.php\/wp-json\/wp\/v2\/product_tag?post=7662"}],"curies":[{"name":"wp","href":"https:\/\/api.w.org\/{rel}","templated":true}]}}