{"id":7673,"date":"2023-02-01T20:29:35","date_gmt":"2023-02-01T19:29:35","guid":{"rendered":"https:\/\/ma.roger-gallet.com\/?post_type=product&#038;p=7673"},"modified":"2023-02-01T20:29:35","modified_gmt":"2023-02-01T19:29:35","slug":"eau-parfumee-bienfaisante-100-ml-3","status":"publish","type":"product","link":"https:\/\/ma.roger-gallet.com\/index.php\/produit\/eau-parfumee-bienfaisante-100-ml-3\/","title":{"rendered":"Eau Parfum\u00e9e Bienfaisante 100 ml"},"content":{"rendered":"<div class=\"text-sm\" data-v-94472f64=\"\">\n<p>Venu des contr\u00e9es asiatiques, le shiso est une note \u00e0 la fraicheur verte et raffin\u00e9e qui ne ressemble \u00e0 aucune autre. M\u00eal\u00e9 au petitgrain et \u00e0 p\u00e9tillance zest\u00e9e de la mandarine, c&#8217;est un souffle vibrant de fraicheur naturelle qui nous envahit. Un parfum vert fusant arrondi par les effluves poudr\u00e9es de pivoine et par les accents bois\u00e9s du santal. Une \u00e9nergie vibrante pour s&#8217;ouvrir \u00e0 de nouveaux horizons&#8230;<\/p>\n<\/div>\n","protected":false},"excerpt":{"rendered":"<div class=\"text-sm my-6\" data-v-94472f64=\"\">\n<p>Un \u00e9ventail de notes aromatiques vertes et hesp\u00e9rid\u00e9es, pour un souffle de fraicheur.<\/p>\n<\/div>\n","protected":false},"featured_media":7676,"comment_status":"open","ping_status":"closed","template":"","meta":[],"product_cat":[77],"product_tag":[],"class_list":{"0":"post-7673","1":"product","2":"type-product","3":"status-publish","4":"has-post-thumbnail","6":"product_cat-shiso","8":"first","9":"instock","10":"shipping-taxable","11":"purchasable","12":"product-type-simple"},"_links":{"self":[{"href":"https:\/\/ma.roger-gallet.com\/index.php\/wp-json\/wp\/v2\/product\/7673","targetHints":{"allow":["GET"]}}],"collection":[{"href":"https:\/\/ma.roger-gallet.com\/index.php\/wp-json\/wp\/v2\/product"}],"about":[{"href":"https:\/\/ma.roger-gallet.com\/index.php\/wp-json\/wp\/v2\/types\/product"}],"replies":[{"embeddable":true,"href":"https:\/\/ma.roger-gallet.com\/index.php\/wp-json\/wp\/v2\/comments?post=7673"}],"wp:featuredmedia":[{"embeddable":true,"href":"https:\/\/ma.roger-gallet.com\/index.php\/wp-json\/wp\/v2\/media\/7676"}],"wp:attachment":[{"href":"https:\/\/ma.roger-gallet.com\/index.php\/wp-json\/wp\/v2\/media?parent=7673"}],"wp:term":[{"taxonomy":"product_cat","embeddable":true,"href":"https:\/\/ma.roger-gallet.com\/index.php\/wp-json\/wp\/v2\/product_cat?post=7673"},{"taxonomy":"product_tag","embeddable":true,"href":"https:\/\/ma.roger-gallet.com\/index.php\/wp-json\/wp\/v2\/product_tag?post=7673"}],"curies":[{"name":"wp","href":"https:\/\/api.w.org\/{rel}","templated":true}]}}