{"id":7685,"date":"2023-02-01T20:53:17","date_gmt":"2023-02-01T19:53:17","guid":{"rendered":"https:\/\/ma.roger-gallet.com\/?post_type=product&#038;p=7685"},"modified":"2023-10-16T15:09:23","modified_gmt":"2023-10-16T13:09:23","slug":"eau-parfumee-bienfaisante-100-ml-6","status":"publish","type":"product","link":"https:\/\/ma.roger-gallet.com\/index.php\/produit\/eau-parfumee-bienfaisante-100-ml-6\/","title":{"rendered":"Eau Parfum\u00e9e Bienfaisante 100 ml"},"content":{"rendered":"<div class=\"text-sm\" data-v-94472f64=\"\">\n<p>D\u00e9paysante, Lavande Royale se balade entre notes aromatiques et bois\u00e9es sur les chemins de Provence. Douce et fra\u00eeche, l&#8217;huile essentielle de lavande, reconnue pour ses vertues relaxantes pour le corps et l&#8217;esprit, tapisse la composition d&#8217;une rondeur confortable. Ses facettes aromatiques sont r\u00e9veill\u00e9es par les notes gaies et ensoleill\u00e9es de bergamote. En fond, les notes s\u00e8ches et bois\u00e9es du c\u00e8dre viennent habiller cette fraicheur champ\u00eatre d&#8217;un raffinement royal.<\/p>\n<\/div>\n","protected":false},"excerpt":{"rendered":"<div class=\"text-sm my-6\" data-v-94472f64=\"\">\n<p>Un lit de lavande doux et frais aux notes aromatiques \u00e0 la fois confortables et ensoleill\u00e9es.<\/p>\n<\/div>\n","protected":false},"featured_media":7686,"comment_status":"open","ping_status":"closed","template":"","meta":[],"product_cat":[80],"product_tag":[],"class_list":{"0":"post-7685","1":"product","2":"type-product","3":"status-publish","4":"has-post-thumbnail","6":"product_cat-lavande-royale","8":"first","9":"instock","10":"shipping-taxable","11":"purchasable","12":"product-type-simple"},"_links":{"self":[{"href":"https:\/\/ma.roger-gallet.com\/index.php\/wp-json\/wp\/v2\/product\/7685","targetHints":{"allow":["GET"]}}],"collection":[{"href":"https:\/\/ma.roger-gallet.com\/index.php\/wp-json\/wp\/v2\/product"}],"about":[{"href":"https:\/\/ma.roger-gallet.com\/index.php\/wp-json\/wp\/v2\/types\/product"}],"replies":[{"embeddable":true,"href":"https:\/\/ma.roger-gallet.com\/index.php\/wp-json\/wp\/v2\/comments?post=7685"}],"wp:featuredmedia":[{"embeddable":true,"href":"https:\/\/ma.roger-gallet.com\/index.php\/wp-json\/wp\/v2\/media\/7686"}],"wp:attachment":[{"href":"https:\/\/ma.roger-gallet.com\/index.php\/wp-json\/wp\/v2\/media?parent=7685"}],"wp:term":[{"taxonomy":"product_cat","embeddable":true,"href":"https:\/\/ma.roger-gallet.com\/index.php\/wp-json\/wp\/v2\/product_cat?post=7685"},{"taxonomy":"product_tag","embeddable":true,"href":"https:\/\/ma.roger-gallet.com\/index.php\/wp-json\/wp\/v2\/product_tag?post=7685"}],"curies":[{"name":"wp","href":"https:\/\/api.w.org\/{rel}","templated":true}]}}