{"id":7694,"date":"2023-02-01T22:47:52","date_gmt":"2023-02-01T21:47:52","guid":{"rendered":"https:\/\/ma.roger-gallet.com\/?post_type=product&#038;p=7694"},"modified":"2023-02-01T22:47:52","modified_gmt":"2023-02-01T21:47:52","slug":"savon-bienfaisant-100-g-5","status":"publish","type":"product","link":"https:\/\/ma.roger-gallet.com\/index.php\/produit\/savon-bienfaisant-100-g-5\/","title":{"rendered":"Savon Bienfaisant 100 g"},"content":{"rendered":"<div class=\"text-sm\" data-v-94472f64=\"\">\n<p>Au bonheur des dames&#8230; Les notes raffin\u00e9es du savon Oeillet Mignardise rappellent l&#8217;effervescence et la sophistication des \u00e9l\u00e9gantes qui se pressaient au Bon March\u00e9. L&#8217;\u0153illet m\u00e8ne la danse. Ses accents poudr\u00e9s d\u00e9licieusement r\u00e9tro sont piqu\u00e9s vif de notes \u00e9pic\u00e9es de clous de girofle. Une farandole fleurie et entrainante qui laissera votre peau velout\u00e9e et d\u00e9licatement parfum\u00e9e.<\/p>\n<\/div>\n","protected":false},"excerpt":{"rendered":"<div class=\"text-sm my-6\" data-v-94472f64=\"\">\n<p>Une farandole fleurie d&#8217;\u0153illet piqu\u00e9e de clou de girofle et adoucie de notes poudr\u00e9es.<\/p>\n<\/div>\n","protected":false},"featured_media":7696,"comment_status":"open","ping_status":"closed","template":"","meta":[],"product_cat":[81],"product_tag":[],"class_list":{"0":"post-7694","1":"product","2":"type-product","3":"status-publish","4":"has-post-thumbnail","6":"product_cat-oeillet-mignardise","8":"first","9":"instock","10":"shipping-taxable","11":"purchasable","12":"product-type-simple"},"_links":{"self":[{"href":"https:\/\/ma.roger-gallet.com\/index.php\/wp-json\/wp\/v2\/product\/7694","targetHints":{"allow":["GET"]}}],"collection":[{"href":"https:\/\/ma.roger-gallet.com\/index.php\/wp-json\/wp\/v2\/product"}],"about":[{"href":"https:\/\/ma.roger-gallet.com\/index.php\/wp-json\/wp\/v2\/types\/product"}],"replies":[{"embeddable":true,"href":"https:\/\/ma.roger-gallet.com\/index.php\/wp-json\/wp\/v2\/comments?post=7694"}],"wp:featuredmedia":[{"embeddable":true,"href":"https:\/\/ma.roger-gallet.com\/index.php\/wp-json\/wp\/v2\/media\/7696"}],"wp:attachment":[{"href":"https:\/\/ma.roger-gallet.com\/index.php\/wp-json\/wp\/v2\/media?parent=7694"}],"wp:term":[{"taxonomy":"product_cat","embeddable":true,"href":"https:\/\/ma.roger-gallet.com\/index.php\/wp-json\/wp\/v2\/product_cat?post=7694"},{"taxonomy":"product_tag","embeddable":true,"href":"https:\/\/ma.roger-gallet.com\/index.php\/wp-json\/wp\/v2\/product_tag?post=7694"}],"curies":[{"name":"wp","href":"https:\/\/api.w.org\/{rel}","templated":true}]}}