{"id":7698,"date":"2023-02-01T22:50:41","date_gmt":"2023-02-01T21:50:41","guid":{"rendered":"https:\/\/ma.roger-gallet.com\/?post_type=product&#038;p=7698"},"modified":"2023-10-16T10:08:12","modified_gmt":"2023-10-16T08:08:12","slug":"savon-bienfaisant-100-g-6","status":"publish","type":"product","link":"https:\/\/ma.roger-gallet.com\/index.php\/produit\/savon-bienfaisant-100-g-6\/","title":{"rendered":"Savon Bienfaisant 100 g"},"content":{"rendered":"<div class=\"text-sm\" data-v-94472f64=\"\">\n<p>La fraicheur d&#8217;un bouton de rose, aux p\u00e9tales perl\u00e9s de ros\u00e9e du matin. Le parfum du savon Rose Th\u00e9 est celui d&#8217;une rose venue d&#8217;ailleurs, celle de la Rose de Damas, reine des champs Turques. C&#8217;est une rose travaill\u00e9e avec raffinement, cisel\u00e9e avec un d\u00e9tail qui rappelle la dentelle des palais Ottomans. Suave sans \u00eatre trop ent\u00eatante, elle devient p\u00e9tillante au contact de la Bergamotte. Une fraicheur qui infuse sur la peau et la laisse velout\u00e9e et d\u00e9licatement parfum\u00e9e.<\/p>\n<\/div>\n","protected":false},"excerpt":{"rendered":"<div class=\"text-sm my-6\" data-v-94472f64=\"\">\n<p>La fraicheur fleurie et citronn\u00e9e d&#8217;un bouton de rose de Damas, aux p\u00e9tales perl\u00e9s de ros\u00e9e du matin.<\/p>\n<\/div>\n","protected":false},"featured_media":7699,"comment_status":"open","ping_status":"closed","template":"","meta":[],"product_cat":[82],"product_tag":[],"class_list":{"0":"post-7698","1":"product","2":"type-product","3":"status-publish","4":"has-post-thumbnail","6":"product_cat-rose-the","8":"first","9":"instock","10":"shipping-taxable","11":"purchasable","12":"product-type-simple"},"_links":{"self":[{"href":"https:\/\/ma.roger-gallet.com\/index.php\/wp-json\/wp\/v2\/product\/7698","targetHints":{"allow":["GET"]}}],"collection":[{"href":"https:\/\/ma.roger-gallet.com\/index.php\/wp-json\/wp\/v2\/product"}],"about":[{"href":"https:\/\/ma.roger-gallet.com\/index.php\/wp-json\/wp\/v2\/types\/product"}],"replies":[{"embeddable":true,"href":"https:\/\/ma.roger-gallet.com\/index.php\/wp-json\/wp\/v2\/comments?post=7698"}],"wp:featuredmedia":[{"embeddable":true,"href":"https:\/\/ma.roger-gallet.com\/index.php\/wp-json\/wp\/v2\/media\/7699"}],"wp:attachment":[{"href":"https:\/\/ma.roger-gallet.com\/index.php\/wp-json\/wp\/v2\/media?parent=7698"}],"wp:term":[{"taxonomy":"product_cat","embeddable":true,"href":"https:\/\/ma.roger-gallet.com\/index.php\/wp-json\/wp\/v2\/product_cat?post=7698"},{"taxonomy":"product_tag","embeddable":true,"href":"https:\/\/ma.roger-gallet.com\/index.php\/wp-json\/wp\/v2\/product_tag?post=7698"}],"curies":[{"name":"wp","href":"https:\/\/api.w.org\/{rel}","templated":true}]}}