{"id":7702,"date":"2023-02-01T22:53:48","date_gmt":"2023-02-01T21:53:48","guid":{"rendered":"https:\/\/ma.roger-gallet.com\/?post_type=product&#038;p=7702"},"modified":"2023-10-16T10:07:12","modified_gmt":"2023-10-16T08:07:12","slug":"savon-bienfaisant-100-g-7","status":"publish","type":"product","link":"https:\/\/ma.roger-gallet.com\/index.php\/produit\/savon-bienfaisant-100-g-7\/","title":{"rendered":"Savon Bienfaisant 100 g"},"content":{"rendered":"<div class=\"text-sm\" data-v-94472f64=\"\">\n<p>Parfums d\u2019\u00e9corces br\u00fbl\u00e9es, effluves d&#8217;\u00e9pices chaudes&#8230; Les notes du savon Bois de Santal ont une aura mystique, un doux parfum bois\u00e9 qui invite \u00e0 la m\u00e9ditation. L&#8217;opulence lact\u00e9e du Santal s&#8217;\u00e9quilibre au contact de la fraicheur fleurie du g\u00e9ranium. En fond, les notes l\u00e9g\u00e8rement fum\u00e9es du c\u00e8dre viennent apporter comme un voile de myst\u00e8re. Un savon au parfum envoutant qui laissera votre peau velout\u00e9e et d\u00e9licatement parfum\u00e9e.<\/p>\n<\/div>\n","protected":false},"excerpt":{"rendered":"<div class=\"text-sm my-6\" data-v-94472f64=\"\">\n<p>L&#8217;aura mystique du santal rafraichie par les notes fleuries du g\u00e9ranium.<\/p>\n<\/div>\n","protected":false},"featured_media":7703,"comment_status":"open","ping_status":"closed","template":"","meta":[],"product_cat":[83],"product_tag":[],"class_list":{"0":"post-7702","1":"product","2":"type-product","3":"status-publish","4":"has-post-thumbnail","6":"product_cat-bois-de-santal","8":"first","9":"instock","10":"shipping-taxable","11":"purchasable","12":"product-type-simple"},"_links":{"self":[{"href":"https:\/\/ma.roger-gallet.com\/index.php\/wp-json\/wp\/v2\/product\/7702","targetHints":{"allow":["GET"]}}],"collection":[{"href":"https:\/\/ma.roger-gallet.com\/index.php\/wp-json\/wp\/v2\/product"}],"about":[{"href":"https:\/\/ma.roger-gallet.com\/index.php\/wp-json\/wp\/v2\/types\/product"}],"replies":[{"embeddable":true,"href":"https:\/\/ma.roger-gallet.com\/index.php\/wp-json\/wp\/v2\/comments?post=7702"}],"wp:featuredmedia":[{"embeddable":true,"href":"https:\/\/ma.roger-gallet.com\/index.php\/wp-json\/wp\/v2\/media\/7703"}],"wp:attachment":[{"href":"https:\/\/ma.roger-gallet.com\/index.php\/wp-json\/wp\/v2\/media?parent=7702"}],"wp:term":[{"taxonomy":"product_cat","embeddable":true,"href":"https:\/\/ma.roger-gallet.com\/index.php\/wp-json\/wp\/v2\/product_cat?post=7702"},{"taxonomy":"product_tag","embeddable":true,"href":"https:\/\/ma.roger-gallet.com\/index.php\/wp-json\/wp\/v2\/product_tag?post=7702"}],"curies":[{"name":"wp","href":"https:\/\/api.w.org\/{rel}","templated":true}]}}